{"id":174,"date":"2018-05-01T22:46:28","date_gmt":"2018-05-01T20:46:28","guid":{"rendered":"http:\/\/caribic-gastronomie.at\/?page_id=174"},"modified":"2018-05-05T18:20:58","modified_gmt":"2018-05-05T16:20:58","slug":"automatensalon","status":"publish","type":"page","link":"https:\/\/caribic-gastronomie.at\/?page_id=174","title":{"rendered":"Automatensalon"},"content":{"rendered":"<h3 style=\"text-align: center;\"><strong>Willkommen in der Welt interaktiven Entertainments<\/strong><\/h3>\n<p style=\"text-align: center;\">Spielvergn\u00fcgen auf modernen lizensierten Gl\u00fccksspielger\u00e4ten, Sportwettenterminals\u00a0und Unterhaltungsger\u00e4ten.<\/p>\n<p style=\"text-align: center;\">Unser Automatensalon steht f\u00fcr Freizeitvergn\u00fcgen, Spiel und Unterhaltung.<\/p>\n<p style=\"text-align: center;\"><strong>Zum Gl\u00fcck brauchts Verantwortung\u00a0 &#8211;\u00a0 Wir bieten verantwortungsvolles Spiel<\/strong><\/p>\n","protected":false},"excerpt":{"rendered":"<p>Willkommen in der Welt interaktiven Entertainments Spielvergn\u00fcgen auf modernen lizensierten Gl\u00fccksspielger\u00e4ten, Sportwettenterminals\u00a0und Unterhaltungsger\u00e4ten. Unser Automatensalon steht f\u00fcr Freizeitvergn\u00fcgen, Spiel und Unterhaltung. Zum Gl\u00fcck brauchts Verantwortung\u00a0 &#8211;\u00a0 Wir bieten verantwortungsvolles Spiel<\/p>\n","protected":false},"author":2,"featured_media":0,"parent":0,"menu_order":0,"comment_status":"closed","ping_status":"closed","template":"","meta":[],"_links":{"self":[{"href":"https:\/\/caribic-gastronomie.at\/index.php?rest_route=\/wp\/v2\/pages\/174"}],"collection":[{"href":"https:\/\/caribic-gastronomie.at\/index.php?rest_route=\/wp\/v2\/pages"}],"about":[{"href":"https:\/\/caribic-gastronomie.at\/index.php?rest_route=\/wp\/v2\/types\/page"}],"author":[{"embeddable":true,"href":"https:\/\/caribic-gastronomie.at\/index.php?rest_route=\/wp\/v2\/users\/2"}],"replies":[{"embeddable":true,"href":"https:\/\/caribic-gastronomie.at\/index.php?rest_route=%2Fwp%2Fv2%2Fcomments&post=174"}],"version-history":[{"count":7,"href":"https:\/\/caribic-gastronomie.at\/index.php?rest_route=\/wp\/v2\/pages\/174\/revisions"}],"predecessor-version":[{"id":220,"href":"https:\/\/caribic-gastronomie.at\/index.php?rest_route=\/wp\/v2\/pages\/174\/revisions\/220"}],"wp:attachment":[{"href":"https:\/\/caribic-gastronomie.at\/index.php?rest_route=%2Fwp%2Fv2%2Fmedia&parent=174"}],"curies":[{"name":"wp","href":"https:\/\/api.w.org\/{rel}","templated":true}]}}