{"id":160,"date":"2018-04-30T17:34:19","date_gmt":"2018-04-30T15:34:19","guid":{"rendered":"http:\/\/caribic-gastronomie.at\/?page_id=160"},"modified":"2020-02-23T17:51:47","modified_gmt":"2020-02-23T16:51:47","slug":"startseite","status":"publish","type":"page","link":"https:\/\/caribic-gastronomie.at\/","title":{"rendered":""},"content":{"rendered":"<h1><strong>Herzlich Willkommen<\/strong><\/h1>\n<h3 style=\"text-align: left;\"><a href=\"http:\/\/caribic-gastronomie.at\/?page_id=62\">CAFE &#8211; BAR<\/a><\/h3>\n<h3 style=\"text-align: left;\"><a href=\"http:\/\/caribic-gastronomie.at\/?page_id=80\">DISCOTHEK<\/a><\/h3>\n<h3><a href=\"http:\/\/caribic-gastronomie.at\/?page_id=174\">AUTOMATENSALON<\/a><\/h3>\n<h3><\/h3>\n<h3><strong>DIE WELT GEH\u00d6RT DEM, DER SIE GENIESST<\/strong><\/h3>\n<p>GIACOMO LEOPARDI<\/p>\n<p>&nbsp;<\/p>\n<h4><strong>\u00d6FFNUNGSZEITEN<\/strong><\/h4>\n<p>&nbsp;<\/p>\n<h3 style=\"padding-left: 30px;\"><strong>Caf\u00e9 \/ Bar\u00a0\u00a0 \u00a0<\/strong><strong>Automatensalon<\/strong><\/h3>\n<ul>\n<li>Sonntag &#8211; Donnerstag:\u00a08 &#8211; 1 Uhr<\/li>\n<li>Freitag:\u00a08 &#8211; 2 Uhr<\/li>\n<li>Samstag: 8 &#8211; 4 Uhr<\/li>\n<\/ul>\n<p>&nbsp;<\/p>\n<h3 style=\"padding-left: 30px;\"><strong>Discothek<\/strong><\/h3>\n<ul>\n<li>September \u2013\u00a0Mai<br \/>\nSommermonate geschlossen<\/li>\n<\/ul>\n<p>&nbsp;<\/p>\n<p><strong>Das Team der &#8222;CARIBIC &#8211; GASTRONOMIE&#8220; freut sich auf Ihren Besuch.<\/strong><\/p>\n","protected":false},"excerpt":{"rendered":"<p>Herzlich Willkommen CAFE &#8211; BAR DISCOTHEK AUTOMATENSALON DIE WELT GEH\u00d6RT DEM, DER SIE GENIESST GIACOMO LEOPARDI &nbsp; \u00d6FFNUNGSZEITEN &nbsp; Caf\u00e9 \/ Bar\u00a0\u00a0 \u00a0Automatensalon Sonntag &#8211; Donnerstag:\u00a08 &#8211; 1 Uhr Freitag:\u00a08 &#8211; 2 Uhr Samstag: 8 &#8211; 4 Uhr &nbsp; Discothek September \u2013\u00a0Mai Sommermonate geschlossen &nbsp; Das Team der &#8222;CARIBIC &#8211; GASTRONOMIE&#8220; freut sich auf Ihren [&hellip;]<\/p>\n","protected":false},"author":1,"featured_media":0,"parent":0,"menu_order":0,"comment_status":"closed","ping_status":"closed","template":"","meta":[],"_links":{"self":[{"href":"https:\/\/caribic-gastronomie.at\/index.php?rest_route=\/wp\/v2\/pages\/160"}],"collection":[{"href":"https:\/\/caribic-gastronomie.at\/index.php?rest_route=\/wp\/v2\/pages"}],"about":[{"href":"https:\/\/caribic-gastronomie.at\/index.php?rest_route=\/wp\/v2\/types\/page"}],"author":[{"embeddable":true,"href":"https:\/\/caribic-gastronomie.at\/index.php?rest_route=\/wp\/v2\/users\/1"}],"replies":[{"embeddable":true,"href":"https:\/\/caribic-gastronomie.at\/index.php?rest_route=%2Fwp%2Fv2%2Fcomments&post=160"}],"version-history":[{"count":51,"href":"https:\/\/caribic-gastronomie.at\/index.php?rest_route=\/wp\/v2\/pages\/160\/revisions"}],"predecessor-version":[{"id":286,"href":"https:\/\/caribic-gastronomie.at\/index.php?rest_route=\/wp\/v2\/pages\/160\/revisions\/286"}],"wp:attachment":[{"href":"https:\/\/caribic-gastronomie.at\/index.php?rest_route=%2Fwp%2Fv2%2Fmedia&parent=160"}],"curies":[{"name":"wp","href":"https:\/\/api.w.org\/{rel}","templated":true}]}}